{"id":19,"date":"2020-02-16T16:09:05","date_gmt":"2020-02-16T16:09:05","guid":{"rendered":"http:\/\/freimaurerinnen-berlin.org\/?page_id=19"},"modified":"2024-02-02T06:16:54","modified_gmt":"2024-02-02T06:16:54","slug":"gaesteabende","status":"publish","type":"page","link":"http:\/\/freimaurerinnen-berlin.org\/?page_id=19","title":{"rendered":"G\u00e4steabende"},"content":{"rendered":"\n<p>Wir wollen Frauen kennenlernen, die sich f\u00fcr Freimaurerei interessieren und mehr \u00fcber unsere Arbeit erfahren m\u00f6chten. Dazu veranstalten wir einmal im Monat einen Abend f\u00fcr G\u00e4ste.<\/p>\n\n\n\n<p>An einem G\u00e4steabend h\u00e4lt eine Schwester einen Vortrag zu einem Thema, das sie bewegt, \u00fcber den im Anschluss Gedankenaustausch und Diskussion stattfinden. Jede Schwester, jeder Gast hat viel Raum, eigene Ideen und Gedanken zu entwickeln und zu teilen.<\/p>\n\n\n\n<p>Unter dem Punkt ZUK\u00dcNFTIGES k\u00fcndigen wir immer unsere bevorstehenden G\u00e4steabende an.<\/p>\n\n\n\n<p>Unter dem Punkt VERGANGENES k\u00f6nnen Sie einiges \u00fcber bisher beleuchtete Themen lesen.<\/p>\n\n\n\n<p>M\u00f6chten Sie zu unseren G\u00e4steabenden eingeladen werden?<br>Wir freuen uns auf Ihre Kontaktaufnahme \u00fcber unsere Mail-Adresse: <a href=\"mailto:m.girnus@t-online.de\"><\/a><a href=\"mailto:m.girnus@t-online.de\">gast@sternzurfreiheit.de<\/a> <\/p>\n\n\n\n<p><\/p>\n","protected":false},"excerpt":{"rendered":"<p>Wir wollen Frauen kennenlernen, die sich f\u00fcr Freimaurerei interessieren und mehr \u00fcber unsere Arbeit erfahren m\u00f6chten. Dazu veranstalten wir einmal&hellip;<\/p>\n","protected":false},"author":1,"featured_media":0,"parent":0,"menu_order":0,"comment_status":"closed","ping_status":"closed","template":"","meta":{"footnotes":""},"_links":{"self":[{"href":"http:\/\/freimaurerinnen-berlin.org\/index.php?rest_route=\/wp\/v2\/pages\/19"}],"collection":[{"href":"http:\/\/freimaurerinnen-berlin.org\/index.php?rest_route=\/wp\/v2\/pages"}],"about":[{"href":"http:\/\/freimaurerinnen-berlin.org\/index.php?rest_route=\/wp\/v2\/types\/page"}],"author":[{"embeddable":true,"href":"http:\/\/freimaurerinnen-berlin.org\/index.php?rest_route=\/wp\/v2\/users\/1"}],"replies":[{"embeddable":true,"href":"http:\/\/freimaurerinnen-berlin.org\/index.php?rest_route=%2Fwp%2Fv2%2Fcomments&post=19"}],"version-history":[{"count":29,"href":"http:\/\/freimaurerinnen-berlin.org\/index.php?rest_route=\/wp\/v2\/pages\/19\/revisions"}],"predecessor-version":[{"id":228,"href":"http:\/\/freimaurerinnen-berlin.org\/index.php?rest_route=\/wp\/v2\/pages\/19\/revisions\/228"}],"wp:attachment":[{"href":"http:\/\/freimaurerinnen-berlin.org\/index.php?rest_route=%2Fwp%2Fv2%2Fmedia&parent=19"}],"curies":[{"name":"wp","href":"https:\/\/api.w.org\/{rel}","templated":true}]}}