{"id":38,"date":"2020-02-16T17:00:51","date_gmt":"2020-02-16T17:00:51","guid":{"rendered":"http:\/\/freimaurerinnen-berlin.org\/?page_id=38"},"modified":"2024-07-08T13:27:26","modified_gmt":"2024-07-08T13:27:26","slug":"startseite","status":"publish","type":"page","link":"http:\/\/freimaurerinnen-berlin.org\/","title":{"rendered":"Herzlich willkommen!"},"content":{"rendered":"\n<p>Sch\u00f6n, dass Sie auf unsere Seite STERN ZUR FREIHEIT &#8211; FREIMAURERINNEN IN BERLIN gekommen sind!<\/p>\n\n\n\n<p>Wir sind eine junge Frauenloge und arbeiten im S\u00fcden Berlins.<br>Haben Sie Interesse an unserer Arbeit? Dann kommen Sie gern zu einem unserer monatlichen G\u00e4steabende, an denen wir zu Themen aus dem Feld der Humanit\u00e4t und der freimaurerischen Ethik Gedankenaustausch und Diskussion in freimaurerischer Gespr\u00e4chskultur pflegen.<br>F\u00fcr Fragen zur Freimaurerei im Allgemeinen und unserer Loge im Speziellen ist ebenfalls Raum.<\/p>\n\n\n\n<p><\/p>\n\n\n\n<p>Termine und Themen finden Sie unter dem Punkt ZUK\u00dcNFTIGES. Wissenshungrige k\u00f6nnen Themen aus fr\u00fcheren G\u00e4steabenden unter dem Punkt VERGANGENES nachlesen.<\/p>\n\n\n\n<p>Anmeldung bitte <br>per email unter  <a href=\"mailto:gast@sternzurfreiheit.de\">gast@sternzurfreiheit.de<\/a> <\/p>\n\n\n\n<p>Wir freuen uns auf Sie!<\/p>\n","protected":false},"excerpt":{"rendered":"<p>Sch\u00f6n, dass Sie auf unsere Seite STERN ZUR FREIHEIT &#8211; FREIMAURERINNEN IN BERLIN gekommen sind! Wir sind eine junge Frauenloge&hellip;<\/p>\n","protected":false},"author":1,"featured_media":0,"parent":0,"menu_order":0,"comment_status":"closed","ping_status":"closed","template":"","meta":{"footnotes":""},"_links":{"self":[{"href":"http:\/\/freimaurerinnen-berlin.org\/index.php?rest_route=\/wp\/v2\/pages\/38"}],"collection":[{"href":"http:\/\/freimaurerinnen-berlin.org\/index.php?rest_route=\/wp\/v2\/pages"}],"about":[{"href":"http:\/\/freimaurerinnen-berlin.org\/index.php?rest_route=\/wp\/v2\/types\/page"}],"author":[{"embeddable":true,"href":"http:\/\/freimaurerinnen-berlin.org\/index.php?rest_route=\/wp\/v2\/users\/1"}],"replies":[{"embeddable":true,"href":"http:\/\/freimaurerinnen-berlin.org\/index.php?rest_route=%2Fwp%2Fv2%2Fcomments&post=38"}],"version-history":[{"count":17,"href":"http:\/\/freimaurerinnen-berlin.org\/index.php?rest_route=\/wp\/v2\/pages\/38\/revisions"}],"predecessor-version":[{"id":259,"href":"http:\/\/freimaurerinnen-berlin.org\/index.php?rest_route=\/wp\/v2\/pages\/38\/revisions\/259"}],"wp:attachment":[{"href":"http:\/\/freimaurerinnen-berlin.org\/index.php?rest_route=%2Fwp%2Fv2%2Fmedia&parent=38"}],"curies":[{"name":"wp","href":"https:\/\/api.w.org\/{rel}","templated":true}]}}