{"id":4,"date":"2020-02-16T15:37:30","date_gmt":"2020-02-16T15:37:30","guid":{"rendered":"http:\/\/freimaurerinnen-berlin.org\/?page_id=4"},"modified":"2020-10-09T20:04:50","modified_gmt":"2020-10-09T20:04:50","slug":"freimaurerei","status":"publish","type":"page","link":"http:\/\/freimaurerinnen-berlin.org\/?page_id=4","title":{"rendered":"Freimaurerei"},"content":{"rendered":"\n<p><em>Die K\u00f6nigliche Kunst wird nicht schnell gefunden.<br>Ihr Geheimnis ist nicht von der lauten Art.<br>In des Maurers Herz ist es gebunden.<br>In der Alten Loge wird es verwahrt.<br>(Anderson, 1723)<\/em><\/p>\n\n\n\n<p>Freimaurerei hei\u00dft K\u00f6nigliche Kunst. K\u00f6niglich deshalb, weil die Grunds\u00e4tze, die sie leiten, als besonders hoch angesehen werden.  Mit Hilfe von Symbolen und Ritualen \u00fcben Freimaurerinnen sich in Toleranz und Menschlichkeit. Sie wollen zu Selbsterkenntnis und einer harmonischen Lebensf\u00fchrung gelangen. Freimaurerinnen sind weltumspannend verbunden in einem ethischen Bund freier Frauen mit der \u00dcberzeugung, dass stetige Arbeit an sich selbst zu menschlicherem Verhalten f\u00fchrt. <\/p>\n\n\n\n<p>1949 wurde die erste Frauenloge in Berlin gegr\u00fcndet. Heute arbeiten in Deutschland \u00fcber 400 Frauen in 32 Frauenlogen.  <\/p>\n\n\n\n<p>Die f\u00fcnf Grundideale der Freimaurerei sind <em>Freiheit, Gleichheit, Br\u00fcderlichkeit  (Schwesterlichkeit), Toleranz und Humanit\u00e4t<\/em>. <\/p>\n\n\n\n<p>Gem\u00e4\u00df der UN-Menschenrechtscharta bedeutet dies f\u00fcr alle Freimaurerinnen: Alle Menschen sind als gewissens- und vernunftbegabte Wesen frei und gleich. <em>Gleichheit<\/em> bedeutet, dass alle Menschen mit der gleichen W\u00fcrde zu behandeln sind und ihnen die gleichen Entwicklungschancen zu erm\u00f6glichen sind. Die <em>Freiheit<\/em> des Einen endet dort, wo sie die Freiheit des N\u00e4chsten einschr\u00e4nken w\u00fcrde. <em>Br\u00fcderlichkeit <\/em>bedeutet f\u00fcr uns, dass alle Menschen sich solidarisch begegnen. Diese Grundregeln setzen ein hohes Ma\u00df an Toleranz voraus. Beachten wir diese Regeln, werden wir ein menschlicheres, humaneres Verhalten entwickeln. <\/p>\n\n\n\n<p><\/p>\n\n\n\n<p>Wer mehr zu freimaurerischen Ritualen wissen m\u00f6chte, kann sich hier informieren: www.freimaurer.online.de.<\/p>\n","protected":false},"excerpt":{"rendered":"<p>Die K\u00f6nigliche Kunst wird nicht schnell gefunden.Ihr Geheimnis ist nicht von der lauten Art.In des Maurers Herz ist es gebunden.In&hellip;<\/p>\n","protected":false},"author":1,"featured_media":0,"parent":0,"menu_order":0,"comment_status":"closed","ping_status":"closed","template":"","meta":{"footnotes":""},"_links":{"self":[{"href":"http:\/\/freimaurerinnen-berlin.org\/index.php?rest_route=\/wp\/v2\/pages\/4"}],"collection":[{"href":"http:\/\/freimaurerinnen-berlin.org\/index.php?rest_route=\/wp\/v2\/pages"}],"about":[{"href":"http:\/\/freimaurerinnen-berlin.org\/index.php?rest_route=\/wp\/v2\/types\/page"}],"author":[{"embeddable":true,"href":"http:\/\/freimaurerinnen-berlin.org\/index.php?rest_route=\/wp\/v2\/users\/1"}],"replies":[{"embeddable":true,"href":"http:\/\/freimaurerinnen-berlin.org\/index.php?rest_route=%2Fwp%2Fv2%2Fcomments&post=4"}],"version-history":[{"count":7,"href":"http:\/\/freimaurerinnen-berlin.org\/index.php?rest_route=\/wp\/v2\/pages\/4\/revisions"}],"predecessor-version":[{"id":141,"href":"http:\/\/freimaurerinnen-berlin.org\/index.php?rest_route=\/wp\/v2\/pages\/4\/revisions\/141"}],"wp:attachment":[{"href":"http:\/\/freimaurerinnen-berlin.org\/index.php?rest_route=%2Fwp%2Fv2%2Fmedia&parent=4"}],"curies":[{"name":"wp","href":"https:\/\/api.w.org\/{rel}","templated":true}]}}